{"id":35,"date":"2024-09-12T04:50:08","date_gmt":"2024-09-12T02:50:08","guid":{"rendered":"https:\/\/janoti.de\/?page_id=35"},"modified":"2024-12-19T16:27:35","modified_gmt":"2024-12-19T15:27:35","slug":"about","status":"publish","type":"page","link":"https:\/\/janoti.de\/de\/about\/","title":{"rendered":"\u00dcber Mich"},"content":{"rendered":"<h1 class=\"wp-block-heading alignfull has-text-align-center\" style=\"padding-top:var(--wp--preset--spacing--50);padding-bottom:var(--wp--preset--spacing--50)\">\u00dcBER MICH<\/h1>\n\n\n\n<div aria-hidden=\"true\" class=\"wp-block-spacer\"><\/div>\n\n\n\n<div class=\"wp-block-columns is-layout-flex wp-container-core-columns-is-layout-f56f613f wp-block-columns-is-layout-flex\">\n<div class=\"wp-block-column is-layout-flow wp-block-column-is-layout-flow\" style=\"padding-right:0;padding-left:0\">\n<figure class=\"wp-block-image alignleft size-large\"><img loading=\"lazy\" decoding=\"async\" width=\"819\" height=\"1024\" src=\"https:\/\/janoti.de\/wp-content\/uploads\/2024\/12\/jan-tillmanns-portrait-2-819x1024.png\" alt=\"portrait-jan-tillmanns\" class=\"wp-image-201\" srcset=\"https:\/\/janoti.de\/wp-content\/uploads\/2024\/12\/jan-tillmanns-portrait-2-819x1024.png 819w, https:\/\/janoti.de\/wp-content\/uploads\/2024\/12\/jan-tillmanns-portrait-2-240x300.png 240w, https:\/\/janoti.de\/wp-content\/uploads\/2024\/12\/jan-tillmanns-portrait-2-768x960.png 768w, https:\/\/janoti.de\/wp-content\/uploads\/2024\/12\/jan-tillmanns-portrait-2-1229x1536.png 1229w, https:\/\/janoti.de\/wp-content\/uploads\/2024\/12\/jan-tillmanns-portrait-2.png 1536w\" sizes=\"auto, (max-width: 819px) 100vw, 819px\" \/><\/figure>\n<\/div>\n\n\n\n<div class=\"wp-block-column is-layout-flow wp-block-column-is-layout-flow\">\n<h3 class=\"wp-block-heading\">Jan Tillmanns<\/h3>\n\n\n\n<p class=\"has-text-align-left has-medium-font-size wp-block-paragraph\">Meine Reise in die Welt des Films begann w\u00e4hrend meines Mechatronikstudiums an der Fachhochschule Frankfurt. Die Fotografie habe ich mir autodidaktisch angeeignet, was meine kreative Entwicklung<\/p>\n<\/div>\n<\/div>\n\n\n\n<p class=\"has-text-align-left has-medium-font-size wp-block-paragraph\">entscheidend gepr\u00e4gt hat. \u00dcber ein Praktikum bei dem Filmverleih MBF sowie durch die Mitarbeit an zahlreichen Studentenfilmen und kleineren Musikvideos konnte ich meine Begeisterung f\u00fcr den Film vertiefen. Praktika bei Serienproduktionen erweiterten mein Verst\u00e4ndnis, bis ich schlie\u00dflich in Mainz ein Studium im Bereich Zeitbasierte Medien aufnahm.<\/p>\n\n\n\n<p class=\"has-medium-font-size wp-block-paragraph\">W\u00e4hrend meines Studiums habe ich mich intensiv mit Animation und Games besch\u00e4ftigt. Ein Praktikum bei Deck13 bot mir spannende Einblicke in die Games-Branche und erg\u00e4nzte meine Kenntnisse um wertvolle Praxiserfahrungen.<\/p>\n\n\n\n<p class=\"has-medium-font-size wp-block-paragraph\">In der Fotografie habe ich vielf\u00e4ltige Genres und Stile erkundet, darunter Portr\u00e4t-, Landschafts-, Architektur-, Event- und Konzertfotografie. Im Bereich Film bin ich vor allem im Licht-Department aktiv. Ich arbeite mit einer Vielzahl von Techniken, von HMI- und Kunstlicht bis zu modernen LED-L\u00f6sungen und DMX-Steuerungen. Zus\u00e4tzlich habe ich auch Erfahrung im Kamera-Department, insbesondere im Bereich der Kamerab\u00fchne. Dadurch kann ich flexibel verschiedene Aspekte der Filmproduktion unterst\u00fctzen.<\/p>\n\n\n\n<p class=\"has-medium-font-size wp-block-paragraph\">Im Games-Bereich konnte ich an AA- und Indie-Projekten mitwirken und habe zudem an mehreren Game Jams teilgenommen.<\/p>\n\n\n\n<p class=\"wp-block-paragraph\"><\/p>\n\n\n\n<div style=\"height:var(--wp--preset--spacing--30)\" aria-hidden=\"true\" class=\"wp-block-spacer\"><\/div>\n\n\n\n<p class=\"has-medium-font-size wp-block-paragraph\">Einen Einblick in meine bisherigen Arbeiten finden Sie hier auf meiner Website. Ich lade Sie herzlich ein, sich die Projekte im Detail anzusehen.<\/p>\n\n\n\n<p class=\"has-medium-font-size wp-block-paragraph\">Ich w\u00fcnsche Ihnen viel Freude beim Entdecken!<\/p>\n\n\n\n<div style=\"height:var(--wp--preset--spacing--80)\" aria-hidden=\"true\" class=\"wp-block-spacer\"><\/div>","protected":false},"excerpt":{"rendered":"<p>ABOUT Jan Tillmanns My journey into the world of film began during my Mechatronics studies at the University of Applied Sciences in Frankfurt. I taught myself photography, which has been a significant influence on my creative development. Through an internship at the film distributor MBF and my involvement in numerous student films and smaller music [&hellip;]<\/p>\n","protected":false},"author":1,"featured_media":0,"parent":0,"menu_order":0,"comment_status":"closed","ping_status":"closed","template":"","meta":{"_crdt_document":"","footnotes":""},"class_list":["post-35","page","type-page","status-publish","hentry"],"_links":{"self":[{"href":"https:\/\/janoti.de\/de\/wp-json\/wp\/v2\/pages\/35","targetHints":{"allow":["GET"]}}],"collection":[{"href":"https:\/\/janoti.de\/de\/wp-json\/wp\/v2\/pages"}],"about":[{"href":"https:\/\/janoti.de\/de\/wp-json\/wp\/v2\/types\/page"}],"author":[{"embeddable":true,"href":"https:\/\/janoti.de\/de\/wp-json\/wp\/v2\/users\/1"}],"replies":[{"embeddable":true,"href":"https:\/\/janoti.de\/de\/wp-json\/wp\/v2\/comments?post=35"}],"version-history":[{"count":40,"href":"https:\/\/janoti.de\/de\/wp-json\/wp\/v2\/pages\/35\/revisions"}],"predecessor-version":[{"id":611,"href":"https:\/\/janoti.de\/de\/wp-json\/wp\/v2\/pages\/35\/revisions\/611"}],"wp:attachment":[{"href":"https:\/\/janoti.de\/de\/wp-json\/wp\/v2\/media?parent=35"}],"curies":[{"name":"wp","href":"https:\/\/api.w.org\/{rel}","templated":true}]}}